{"id":5589,"date":"2023-07-03T21:21:39","date_gmt":"2023-07-03T21:21:39","guid":{"rendered":"https:\/\/tona.al\/?page_id=5589"},"modified":"2023-08-08T21:26:09","modified_gmt":"2023-08-08T21:26:09","slug":"historiku","status":"publish","type":"page","link":"https:\/\/tona.al\/en\/historiku\/","title":{"rendered":"History"},"content":{"rendered":"<div data-elementor-type=\"wp-page\" data-elementor-id=\"5589\" class=\"elementor elementor-5589\" data-elementor-post-type=\"page\">\n\t\t\t\t\t\t<section class=\"elementor-section elementor-top-section elementor-element elementor-element-5d7400f elementor-section-full_width elementor-section-height-default elementor-section-height-default\" data-id=\"5d7400f\" data-element_type=\"section\" data-e-type=\"section\">\n\t\t\t\t\t\t<div class=\"elementor-container elementor-column-gap-default\">\n\t\t\t\t\t<div class=\"elementor-column elementor-col-50 elementor-top-column elementor-element elementor-element-19a5e65\" data-id=\"19a5e65\" data-element_type=\"column\" data-e-type=\"column\" data-settings=\"{&quot;background_background&quot;:&quot;classic&quot;}\">\n\t\t\t<div class=\"elementor-widget-wrap elementor-element-populated\">\n\t\t\t\t\t\t<div class=\"elementor-element elementor-element-dd75013 elementor-widget elementor-widget-spacer\" data-id=\"dd75013\" data-element_type=\"widget\" data-e-type=\"widget\" data-widget_type=\"spacer.default\">\n\t\t\t\t<div class=\"elementor-widget-container\">\n\t\t\t\t\t\t\t<div class=\"elementor-spacer\">\n\t\t\t<div class=\"elementor-spacer-inner\"><\/div>\n\t\t<\/div>\n\t\t\t\t\t\t<\/div>\n\t\t\t\t<\/div>\n\t\t\t\t\t<\/div>\n\t\t<\/div>\n\t\t\t\t<div class=\"elementor-column elementor-col-50 elementor-top-column elementor-element elementor-element-3327a1e\" data-id=\"3327a1e\" data-element_type=\"column\" data-e-type=\"column\">\n\t\t\t<div class=\"elementor-widget-wrap elementor-element-populated\">\n\t\t\t\t\t\t<div class=\"elementor-element elementor-element-bcf93ca elementor-widget elementor-widget-heading\" data-id=\"bcf93ca\" data-element_type=\"widget\" data-e-type=\"widget\" data-widget_type=\"heading.default\">\n\t\t\t\t<div class=\"elementor-widget-container\">\n\t\t\t\t\t<h2 class=\"elementor-heading-title elementor-size-default\">History Over the Years<\/h2>\t\t\t\t<\/div>\n\t\t\t\t<\/div>\n\t\t\t\t<div class=\"elementor-element elementor-element-c30da52 elementor-widget elementor-widget-timeline-widget-addon\" data-id=\"c30da52\" data-element_type=\"widget\" data-e-type=\"widget\" data-widget_type=\"timeline-widget-addon.default\">\n\t\t\t\t<div class=\"elementor-widget-container\">\n\t\t\t\t\t<!-- ========= Timeline Widget Addon For Elementor 1.6.24 ========= -->\n<div id=\"twae-wrapper-c30da52\" class=\"twae-vertical twae-wrapper  twae-both-sided\">   \n    <div class=\"twae-start\"><\/div>    \n    <div id=\"twea-timeline-c30da52\" class=\"twae-timeline\" ><!-- Start of Story Repeater Content --><div id=\"story-6f39ed6\" class=\"twae-story twae-repeater-item twae-story-right twae-story-no-icon\"><!-- Story Label --><div class=\"twae-labels\"><div class=\"twae-label-big\">1992<\/div><\/div><!-- Story Icon --><div class=\"twae-icon\"><i aria-hidden=\"true\" class=\"far fa-clock\"><\/i><\/div><!-- Story Arrow --><div class=\"twae-arrow\"><\/div><!-- Start of Story Content --><div class=\"twae-content\"><!-- Story Description --><div class=\"twae-description\"><p><strong>STARTING THE ACTIVITY<\/strong> with only 3 products. Small artisan workshop for meat processing. Production of the first 3 products.<\/p><\/div><\/div><\/div><!-- Start of Story Repeater Content --><div id=\"story-150eb4c\" class=\"twae-story twae-repeater-item twae-story-left twae-story-no-icon\"><!-- Story Label --><div class=\"twae-labels\"><div class=\"twae-label-big\">1994<\/div><\/div><!-- Story Icon --><div class=\"twae-icon\"><i aria-hidden=\"true\" class=\"far fa-clock\"><\/i><\/div><!-- Story Arrow --><div class=\"twae-arrow\"><\/div><!-- Start of Story Content --><div class=\"twae-content\"><!-- Story Description --><div class=\"twae-description\"><p>Cooperation with USAID projects in Albania.<\/p><\/div><\/div><\/div><!-- Start of Story Repeater Content --><div id=\"story-b221adb\" class=\"twae-story twae-repeater-item twae-story-right twae-story-no-icon\"><!-- Story Label --><div class=\"twae-labels\"><div class=\"twae-label-big\">1995<\/div><\/div><!-- Story Icon --><div class=\"twae-icon\"><i aria-hidden=\"true\" class=\"far fa-clock\"><\/i><\/div><!-- Story Arrow --><div class=\"twae-arrow\"><\/div><!-- Start of Story Content --><div class=\"twae-content\"><!-- Story Description --><div class=\"twae-description\"><p>Technologists enabled by \"USAID\" projects in Albania developed several recipes for salami products. (15 new sausage products) <br \/>(15 produkte t\u00eb reja sallamerie)<\/p><\/div><\/div><\/div><!-- Start of Story Repeater Content --><div id=\"story-6918992\" class=\"twae-story twae-repeater-item twae-story-left twae-story-no-icon\"><!-- Story Label --><div class=\"twae-labels\"><div class=\"twae-label-big\">1998<\/div><\/div><!-- Story Icon --><div class=\"twae-icon\"><i aria-hidden=\"true\" class=\"far fa-clock\"><\/i><\/div><!-- Story Arrow --><div class=\"twae-arrow\"><\/div><!-- Start of Story Content --><div class=\"twae-content\"><!-- Story Description --><div class=\"twae-description\"><p><strong>INVESTMENT OF A NEW FACTORY<\/strong><br \/>(new factory, modern investment 1100 m2)<\/p><\/div><\/div><\/div><!-- Start of Story Repeater Content --><div id=\"story-8c39621\" class=\"twae-story twae-repeater-item twae-story-right twae-story-no-icon\"><!-- Story Label --><div class=\"twae-labels\"><div class=\"twae-label-big\">2001<\/div><\/div><!-- Story Icon --><div class=\"twae-icon\"><i aria-hidden=\"true\" class=\"far fa-clock\"><\/i><\/div><!-- Story Arrow --><div class=\"twae-arrow\"><\/div><!-- Start of Story Content --><div class=\"twae-content\"><!-- Story Description --><div class=\"twae-description\"><p><strong>INVESTMENT IN THE DEPARTMENT OF SEMI-FINISHED PRODUCTS<\/strong><\/p><\/div><\/div><\/div><!-- Start of Story Repeater Content --><div id=\"story-98a650f\" class=\"twae-story twae-repeater-item twae-story-left twae-story-no-icon\"><!-- Story Label --><div class=\"twae-labels\"><div class=\"twae-label-big\">2001<\/div><\/div><!-- Story Icon --><div class=\"twae-icon\"><i aria-hidden=\"true\" class=\"far fa-clock\"><\/i><\/div><!-- Story Arrow --><div class=\"twae-arrow\"><\/div><!-- Start of Story Content --><div class=\"twae-content\"><!-- Story Description --><div class=\"twae-description\"><p><strong>INVESTMENT IN FACTORY EXPANSION<\/strong><br \/>(New factory, modern investment 2800 m2)<\/p><\/div><\/div><\/div><!-- Start of Story Repeater Content --><div id=\"story-ce29727\" class=\"twae-story twae-repeater-item twae-story-right twae-story-no-icon\"><!-- Story Label --><div class=\"twae-labels\"><div class=\"twae-label-big\">2006 - 2010<\/div><\/div><!-- Story Icon --><div class=\"twae-icon\"><i aria-hidden=\"true\" class=\"far fa-clock\"><\/i><\/div><!-- Story Arrow --><div class=\"twae-arrow\"><\/div><!-- Start of Story Content --><div class=\"twae-content\"><!-- Story Description --><div class=\"twae-description\"><p><strong>INVESTMENT IN NEW SAUSAGE PRODUCT LINES<\/strong><\/p><\/div><\/div><\/div><!-- Start of Story Repeater Content --><div id=\"story-dde0d68\" class=\"twae-story twae-repeater-item twae-story-left twae-story-no-icon\"><!-- Story Label --><div class=\"twae-labels\"><div class=\"twae-label-big\">2014 - 2016<\/div><\/div><!-- Story Icon --><div class=\"twae-icon\"><i aria-hidden=\"true\" class=\"far fa-clock\"><\/i><\/div><!-- Story Arrow --><div class=\"twae-arrow\"><\/div><!-- Start of Story Content --><div class=\"twae-content\"><!-- Story Description --><div class=\"twae-description\"><strong>INVESTIM NE IMPIANTIN PER<\/strong>\n<strong>INVESTMENT IN SLAUGHTERHOUSES, GATHERING, PROCESSING OF FRESH MEAT<\/strong> (Modern Slaughterhouse) Investment in a modern plant in the development of \"Vertical Integration\" of the company. This plant enabled slaughtering in three lines for all animal categories (red meat)<\/div><\/div><\/div><!-- Start of Story Repeater Content --><div id=\"story-dd7129b\" class=\"twae-story twae-repeater-item twae-story-right twae-story-no-icon\"><!-- Story Label --><div class=\"twae-labels\"><div class=\"twae-label-big\">2017<\/div><\/div><!-- Story Icon --><div class=\"twae-icon\"><i aria-hidden=\"true\" class=\"far fa-clock\"><\/i><\/div><!-- Story Arrow --><div class=\"twae-arrow\"><\/div><!-- Start of Story Content --><div class=\"twae-content\"><!-- Story Description --><div class=\"twae-description\"><p><strong>INVESTMENT IN A \"GYROS\" LINE (GREEK STYLE)<\/strong><\/p><\/div><\/div><\/div><!-- Start of Story Repeater Content --><div id=\"story-44116cc\" class=\"twae-story twae-repeater-item twae-story-left twae-story-no-icon\"><!-- Story Label --><div class=\"twae-labels\"><div class=\"twae-label-big\">2018<\/div><\/div><!-- Story Icon --><div class=\"twae-icon\"><i aria-hidden=\"true\" class=\"far fa-clock\"><\/i><\/div><!-- Story Arrow --><div class=\"twae-arrow\"><\/div><!-- Start of Story Content --><div class=\"twae-content\"><!-- Story Description --><div class=\"twae-description\"><p><strong>INVESTMENT IN MODERN DOUGH PRODUCTION LINE<\/strong><br \/>(\"Greek style pita\" and \"frozen pizza\")<\/p><\/div><\/div><\/div><!-- Start of Story Repeater Content --><div id=\"story-723d551\" class=\"twae-story twae-repeater-item twae-story-right twae-story-no-icon\"><!-- Story Label --><div class=\"twae-labels\"><div class=\"twae-label-big\">2021<\/div><\/div><!-- Story Icon --><div class=\"twae-icon\"><i aria-hidden=\"true\" class=\"far fa-clock\"><\/i><\/div><!-- Story Arrow --><div class=\"twae-arrow\"><\/div><!-- Start of Story Content --><div class=\"twae-content\"><!-- Story Description --><div class=\"twae-description\"><p><strong>INVESTMENT IN SOLAR PANELS<\/strong> (Green Energy) Investment in energy efficiency through photovoltaic panels.<br \/>(Alternative for energy production with lower impact on the environment)<\/p><\/div><\/div><\/div><!-- Start of Story Repeater Content --><div id=\"story-314e57a\" class=\"twae-story twae-repeater-item twae-story-left twae-story-no-icon\"><!-- Story Label --><div class=\"twae-labels\"><div class=\"twae-label-big\">2022<\/div><\/div><!-- Story Icon --><div class=\"twae-icon\"><i aria-hidden=\"true\" class=\"far fa-clock\"><\/i><\/div><!-- Story Arrow --><div class=\"twae-arrow\"><\/div><!-- Start of Story Content --><div class=\"twae-content\"><!-- Story Description --><div class=\"twae-description\"><p>In 2022, Tona 30 years in the Albanian market.<\/p><\/div><\/div><\/div><\/div>\n    <div class=\"twae-end\"><\/div>\n    <\/div><style type=\"text\/css\">@media (max-width: 1024px){ .twae-wrapper{--tw-ybx-size: 80px !important;}}@media (max-width: 767px){ .twae-wrapper{--tw-ybx-size: 80px !important}}<\/style>\t\t\t\t<\/div>\n\t\t\t\t<\/div>\n\t\t\t\t\t<\/div>\n\t\t<\/div>\n\t\t\t\t\t<\/div>\n\t\t<\/section>\n\t\t\t\t<\/div>","protected":false},"excerpt":{"rendered":"<p>Historiku nd\u00ebr vite 1992 FILLIMI I AKTIVITETIT me vet\u00ebm 3 produkte. Punishte e vog\u00ebl artizanale p\u00ebr p\u00ebrpunimin e mishit. Prodhimi i 3 produkteve t\u00eb para. 1994 Bashk\u00ebpunimi me projektet e USAID n\u00eb Shqip\u00ebri. 1995 Teknolog\u00eb t\u00eb mund\u00ebsuar nga projektet e \u201cUSAID\u201d n\u00eb Shqip\u00ebri zhvilluan disa receptura produktesh sallamerie. (15 produkte t\u00eb reja sallamerie) 1998 INVESTIM [&hellip;]<\/p>\n","protected":false},"author":1,"featured_media":0,"parent":0,"menu_order":0,"comment_status":"closed","ping_status":"closed","template":"elementor_header_footer","meta":{"footnotes":""},"class_list":["post-5589","page","type-page","status-publish","hentry"],"_links":{"self":[{"href":"https:\/\/tona.al\/en\/wp-json\/wp\/v2\/pages\/5589","targetHints":{"allow":["GET"]}}],"collection":[{"href":"https:\/\/tona.al\/en\/wp-json\/wp\/v2\/pages"}],"about":[{"href":"https:\/\/tona.al\/en\/wp-json\/wp\/v2\/types\/page"}],"author":[{"embeddable":true,"href":"https:\/\/tona.al\/en\/wp-json\/wp\/v2\/users\/1"}],"replies":[{"embeddable":true,"href":"https:\/\/tona.al\/en\/wp-json\/wp\/v2\/comments?post=5589"}],"version-history":[{"count":47,"href":"https:\/\/tona.al\/en\/wp-json\/wp\/v2\/pages\/5589\/revisions"}],"predecessor-version":[{"id":8734,"href":"https:\/\/tona.al\/en\/wp-json\/wp\/v2\/pages\/5589\/revisions\/8734"}],"wp:attachment":[{"href":"https:\/\/tona.al\/en\/wp-json\/wp\/v2\/media?parent=5589"}],"curies":[{"name":"wp","href":"https:\/\/api.w.org\/{rel}","templated":true}]}}