{"id":8184,"date":"2023-08-01T14:03:56","date_gmt":"2023-08-01T14:03:56","guid":{"rendered":"https:\/\/tona.al\/?page_id=8184"},"modified":"2024-03-20T11:31:27","modified_gmt":"2024-03-20T11:31:27","slug":"green-energy","status":"publish","type":"page","link":"https:\/\/tona.al\/en\/green-energy\/","title":{"rendered":"Green Energy"},"content":{"rendered":"\t\t<div data-elementor-type=\"wp-page\" data-elementor-id=\"8184\" class=\"elementor elementor-8184\" data-elementor-post-type=\"page\">\n\t\t\t\t\t\t<section class=\"elementor-section elementor-top-section elementor-element elementor-element-73e1e32 elementor-section-full_width elementor-section-height-default elementor-section-height-default\" data-id=\"73e1e32\" data-element_type=\"section\" data-e-type=\"section\" id=\"misioni\" data-settings=\"{&quot;background_background&quot;:&quot;classic&quot;}\">\n\t\t\t\t\t\t<div class=\"elementor-container elementor-column-gap-default\">\n\t\t\t\t\t<div class=\"elementor-column elementor-col-50 elementor-top-column elementor-element elementor-element-606d702\" data-id=\"606d702\" data-element_type=\"column\" data-e-type=\"column\" data-settings=\"{&quot;background_background&quot;:&quot;classic&quot;}\">\n\t\t\t<div class=\"elementor-widget-wrap elementor-element-populated\">\n\t\t\t\t\t\t<div class=\"elementor-element elementor-element-6c3d08d elementor-widget elementor-widget-image\" data-id=\"6c3d08d\" data-element_type=\"widget\" data-e-type=\"widget\" data-widget_type=\"image.default\">\n\t\t\t\t<div class=\"elementor-widget-container\">\n\t\t\t\t\t\t\t\t\t\t\t\t\t\t\t<img fetchpriority=\"high\" decoding=\"async\" width=\"2153\" height=\"893\" src=\"https:\/\/tona.al\/wp-content\/uploads\/2023\/08\/15-min-e1691148040543.jpg\" class=\"attachment-full size-full wp-image-8186\" alt=\"\" srcset=\"https:\/\/tona.al\/wp-content\/uploads\/2023\/08\/15-min-e1691148040543.jpg 2153w, https:\/\/tona.al\/wp-content\/uploads\/2023\/08\/15-min-e1691148040543-300x124.jpg 300w, https:\/\/tona.al\/wp-content\/uploads\/2023\/08\/15-min-e1691148040543-1024x425.jpg 1024w, https:\/\/tona.al\/wp-content\/uploads\/2023\/08\/15-min-e1691148040543-768x319.jpg 768w, https:\/\/tona.al\/wp-content\/uploads\/2023\/08\/15-min-e1691148040543-1536x637.jpg 1536w, https:\/\/tona.al\/wp-content\/uploads\/2023\/08\/15-min-e1691148040543-2048x849.jpg 2048w\" sizes=\"(max-width: 2153px) 100vw, 2153px\" \/>\t\t\t\t\t\t\t\t\t\t\t\t\t\t\t<\/div>\n\t\t\t\t<\/div>\n\t\t\t\t<div class=\"elementor-element elementor-element-1e346e4 elementor-hidden-tablet elementor-hidden-mobile elementor-widget elementor-widget-image\" data-id=\"1e346e4\" data-element_type=\"widget\" data-e-type=\"widget\" data-settings=\"{&quot;sticky&quot;:&quot;top&quot;,&quot;sticky_offset&quot;:50,&quot;sticky_parent&quot;:&quot;yes&quot;,&quot;sticky_on&quot;:[&quot;desktop&quot;,&quot;tablet&quot;,&quot;mobile&quot;],&quot;sticky_effects_offset&quot;:0,&quot;sticky_anchor_link_offset&quot;:0}\" data-widget_type=\"image.default\">\n\t\t\t\t<div class=\"elementor-widget-container\">\n\t\t\t\t\t\t\t\t\t\t\t\t\t\t\t<img decoding=\"async\" width=\"2153\" height=\"963\" src=\"https:\/\/tona.al\/wp-content\/uploads\/2023\/08\/14-min-e1691148020151.jpg\" class=\"attachment-full size-full wp-image-8189\" alt=\"\" srcset=\"https:\/\/tona.al\/wp-content\/uploads\/2023\/08\/14-min-e1691148020151.jpg 2153w, https:\/\/tona.al\/wp-content\/uploads\/2023\/08\/14-min-e1691148020151-300x134.jpg 300w, https:\/\/tona.al\/wp-content\/uploads\/2023\/08\/14-min-e1691148020151-1024x458.jpg 1024w, https:\/\/tona.al\/wp-content\/uploads\/2023\/08\/14-min-e1691148020151-768x344.jpg 768w, https:\/\/tona.al\/wp-content\/uploads\/2023\/08\/14-min-e1691148020151-1536x687.jpg 1536w, https:\/\/tona.al\/wp-content\/uploads\/2023\/08\/14-min-e1691148020151-2048x916.jpg 2048w\" sizes=\"(max-width: 2153px) 100vw, 2153px\" \/>\t\t\t\t\t\t\t\t\t\t\t\t\t\t\t<\/div>\n\t\t\t\t<\/div>\n\t\t\t\t\t<\/div>\n\t\t<\/div>\n\t\t\t\t<div class=\"elementor-column elementor-col-50 elementor-top-column elementor-element elementor-element-1372aa7\" data-id=\"1372aa7\" data-element_type=\"column\" data-e-type=\"column\" data-settings=\"{&quot;background_background&quot;:&quot;classic&quot;}\">\n\t\t\t<div class=\"elementor-widget-wrap elementor-element-populated\">\n\t\t\t\t\t\t<div class=\"elementor-element elementor-element-6e5dc35 elementor-widget elementor-widget-heading\" data-id=\"6e5dc35\" data-element_type=\"widget\" data-e-type=\"widget\" data-widget_type=\"heading.default\">\n\t\t\t\t<div class=\"elementor-widget-container\">\n\t\t\t\t\t<h2 class=\"elementor-heading-title elementor-size-default\">Green Energy<\/h2>\t\t\t\t<\/div>\n\t\t\t\t<\/div>\n\t\t\t\t<div class=\"elementor-element elementor-element-990ef8f elementor-widget elementor-widget-heading\" data-id=\"990ef8f\" data-element_type=\"widget\" data-e-type=\"widget\" data-widget_type=\"heading.default\">\n\t\t\t\t<div class=\"elementor-widget-container\">\n\t\t\t\t\t<h2 class=\"elementor-heading-title elementor-size-default\">Fabrika e perpunimit te mishit<\/h2>\t\t\t\t<\/div>\n\t\t\t\t<\/div>\n\t\t\t\t<div class=\"elementor-element elementor-element-09bfe59 elementor-widget elementor-widget-text-editor\" data-id=\"09bfe59\" data-element_type=\"widget\" data-e-type=\"widget\" data-widget_type=\"text-editor.default\">\n\t\t\t\t<div class=\"elementor-widget-container\">\n\t\t\t\t\t\t\t\t\t<p>Tashm\u00eb n\u00eb fabriken e sallameris\u00eb \u201cTONA\u201d(rreth 3500m2 siperfaqe ne total) \u00ebsht\u00eb duke u prodhuar dhe ofruar m\u00eb shum\u00eb se 80 produkte ushqimore. Kjo gam\u00eb produktesh p\u00ebrb\u00ebhet nga disa linja t\u00eb reja prodhimi: sallami, salcicesh, proshutash, n\u00ebnprodukte mishi t\u00eb ngrira, produkte brumi dhe salca me standarte europiane.<\/p>\t\t\t\t\t\t\t\t<\/div>\n\t\t\t\t<\/div>\n\t\t\t\t<div class=\"elementor-element elementor-element-2319d7f elementor-widget elementor-widget-image\" data-id=\"2319d7f\" data-element_type=\"widget\" data-e-type=\"widget\" data-widget_type=\"image.default\">\n\t\t\t\t<div class=\"elementor-widget-container\">\n\t\t\t\t\t\t\t\t\t\t\t\t\t\t\t<img decoding=\"async\" width=\"1948\" height=\"699\" src=\"https:\/\/tona.al\/wp-content\/uploads\/2023\/08\/16-min-e1690899344735.png\" class=\"attachment-full size-full wp-image-8188\" alt=\"\" srcset=\"https:\/\/tona.al\/wp-content\/uploads\/2023\/08\/16-min-e1690899344735.png 1948w, https:\/\/tona.al\/wp-content\/uploads\/2023\/08\/16-min-e1690899344735-300x108.png 300w, https:\/\/tona.al\/wp-content\/uploads\/2023\/08\/16-min-e1690899344735-1024x367.png 1024w, https:\/\/tona.al\/wp-content\/uploads\/2023\/08\/16-min-e1690899344735-768x276.png 768w, https:\/\/tona.al\/wp-content\/uploads\/2023\/08\/16-min-e1690899344735-1536x551.png 1536w\" sizes=\"(max-width: 1948px) 100vw, 1948px\" \/>\t\t\t\t\t\t\t\t\t\t\t\t\t\t\t<\/div>\n\t\t\t\t<\/div>\n\t\t\t\t<div class=\"elementor-element elementor-element-fad6373 elementor-widget elementor-widget-heading\" data-id=\"fad6373\" data-element_type=\"widget\" data-e-type=\"widget\" data-widget_type=\"heading.default\">\n\t\t\t\t<div class=\"elementor-widget-container\">\n\t\t\t\t\t<h2 class=\"elementor-heading-title elementor-size-default\">Impianti i thertores<\/h2>\t\t\t\t<\/div>\n\t\t\t\t<\/div>\n\t\t\t\t<div class=\"elementor-element elementor-element-eadcbbd elementor-widget__width-initial elementor-widget elementor-widget-text-editor\" data-id=\"eadcbbd\" data-element_type=\"widget\" data-e-type=\"widget\" data-widget_type=\"text-editor.default\">\n\t\t\t\t<div class=\"elementor-widget-container\">\n\t\t\t\t\t\t\t\t\tImpianti i therjes \u201cTONA\u201d (rreth 4500m2 siperfaqe ne total) kompania u integrua vertikalisht duke investuar n\u00eb nj\u00eb impiant modern grumbullimi, therjeje dhe p\u00ebrpunimit t\u00eb thell\u00eb t\u00eb mishit t\u00eb fresk\u00ebt. Ky impiant eshte i projektuar n\u00eb tre linja, p\u00ebr mishin e Gjedhit, Derrit dhe t\u00eb Imtave.\t\t\t\t\t\t\t\t<\/div>\n\t\t\t\t<\/div>\n\t\t\t\t\t<\/div>\n\t\t<\/div>\n\t\t\t\t\t<\/div>\n\t\t<\/section>\n\t\t\t\t<section class=\"elementor-section elementor-top-section elementor-element elementor-element-e698c94 elementor-hidden-desktop elementor-section-boxed elementor-section-height-default elementor-section-height-default\" data-id=\"e698c94\" data-element_type=\"section\" data-e-type=\"section\">\n\t\t\t\t\t\t<div class=\"elementor-container elementor-column-gap-default\">\n\t\t\t\t\t<div class=\"elementor-column elementor-col-100 elementor-top-column elementor-element elementor-element-699cbed\" data-id=\"699cbed\" data-element_type=\"column\" data-e-type=\"column\" data-settings=\"{&quot;background_background&quot;:&quot;classic&quot;}\">\n\t\t\t<div class=\"elementor-widget-wrap elementor-element-populated\">\n\t\t\t\t\t\t<div class=\"elementor-element elementor-element-6c989d6 elementor-widget elementor-widget-spacer\" data-id=\"6c989d6\" data-element_type=\"widget\" data-e-type=\"widget\" data-widget_type=\"spacer.default\">\n\t\t\t\t<div class=\"elementor-widget-container\">\n\t\t\t\t\t\t\t<div class=\"elementor-spacer\">\n\t\t\t<div class=\"elementor-spacer-inner\"><\/div>\n\t\t<\/div>\n\t\t\t\t\t\t<\/div>\n\t\t\t\t<\/div>\n\t\t\t\t\t<\/div>\n\t\t<\/div>\n\t\t\t\t\t<\/div>\n\t\t<\/section>\n\t\t\t\t<\/div>\n\t\t","protected":false},"excerpt":{"rendered":"<p>Green Energy Fabrika e perpunimit te mishit Tashm\u00eb n\u00eb fabriken e sallameris\u00eb \u201cTONA\u201d(rreth 3500m2 siperfaqe ne total) \u00ebsht\u00eb duke u prodhuar dhe ofruar m\u00eb shum\u00eb se 80 produkte ushqimore. Kjo gam\u00eb produktesh p\u00ebrb\u00ebhet nga disa linja t\u00eb reja prodhimi: sallami, salcicesh, proshutash, n\u00ebnprodukte mishi t\u00eb ngrira, produkte brumi dhe salca me standarte europiane. Impianti i [&hellip;]<\/p>\n","protected":false},"author":1,"featured_media":0,"parent":0,"menu_order":0,"comment_status":"closed","ping_status":"closed","template":"elementor_header_footer","meta":{"footnotes":""},"class_list":["post-8184","page","type-page","status-publish","hentry"],"_links":{"self":[{"href":"https:\/\/tona.al\/en\/wp-json\/wp\/v2\/pages\/8184","targetHints":{"allow":["GET"]}}],"collection":[{"href":"https:\/\/tona.al\/en\/wp-json\/wp\/v2\/pages"}],"about":[{"href":"https:\/\/tona.al\/en\/wp-json\/wp\/v2\/types\/page"}],"author":[{"embeddable":true,"href":"https:\/\/tona.al\/en\/wp-json\/wp\/v2\/users\/1"}],"replies":[{"embeddable":true,"href":"https:\/\/tona.al\/en\/wp-json\/wp\/v2\/comments?post=8184"}],"version-history":[{"count":52,"href":"https:\/\/tona.al\/en\/wp-json\/wp\/v2\/pages\/8184\/revisions"}],"predecessor-version":[{"id":8897,"href":"https:\/\/tona.al\/en\/wp-json\/wp\/v2\/pages\/8184\/revisions\/8897"}],"wp:attachment":[{"href":"https:\/\/tona.al\/en\/wp-json\/wp\/v2\/media?parent=8184"}],"curies":[{"name":"wp","href":"https:\/\/api.w.org\/{rel}","templated":true}]}}